{"id":387,"date":"2021-06-20T22:19:08","date_gmt":"2021-06-20T20:19:08","guid":{"rendered":"https:\/\/rayonnantes2021.noblogs.org\/?page_id=387"},"modified":"2021-06-27T13:22:24","modified_gmt":"2021-06-27T11:22:24","slug":"mitmachen","status":"publish","type":"page","link":"https:\/\/rayonnantes2021.noblogs.org\/de\/mitmachen\/","title":{"rendered":"mitmachen"},"content":{"rendered":"<details>\n<summary>Vor dem Camp<\/summary>\n<h3>Infos verteilen<\/h3>\n<p>Du kannst die Plakate und Flyer, ausdrucken\/verteilen die <a href=\"https:\/\/rayonnantes2021.noblogs.org\/de\/automedia\/\">Du hier findest<\/a>.<\/p>\n<h3>Hilfe bei der \u00dcbersetzung<\/h3>\n<p>Es gibt viel zu \u00fcbersetzen (die Website, die Filmuntertitel, das Begr\u00fc\u00dfungsheft,&#8230;). Gesucht werden vor allem \u00dcbersetzungen in Englisch, Deutsch und Italienisch, aber auch in Kalstilisch*. Wenn Du dabei helfen kannst, sende eine E-Mail an passion-traduction (at) riseup [dot] net.<a href=\"https:\/\/rayonnantes2021.noblogs.org\/files\/2021\/06\/Passion-traduction-passion-traduction@riseup.net-0x0A14461104A765F2-public.zip\"> Bei Bedarf PGP-Verschl\u00fcsselung.<\/a><br \/>\n* Kastilisch: Amtssprache im spanischen Staat &#8211; andere Sprachen, die in Spanien gesprochen werden, wie z.B. Katalanisch, m\u00f6chten wir nicht hinter dem Namen &#8222;Spanisch&#8220; unsichtbar machen.<\/p>\n<h3>Aufbau<\/h3>\n<p>Wenn Du bei der Organisation helfen, einen Workshop vorschlagen oder Dich am Aufbau des Camps vom 9. bis 16. August beteiligen willst, schreibe uns: \u00a0mobilisation-rayonnante [at] riseup.net.<\/p>\n<h3>Bedarf an Material<\/h3>\n<p>F\u00fcr diesen Sommer wurde ein Aufruf f\u00fcr Material lanciert. Vorsicht, die Liste entwickelt sich st\u00e4ndig weiter!<br \/>\n\u00b7 Elektrisches Material (insbesondere Solarzellen)<br \/>\n\u00b7 Baumaterial (Balken, Bretter, Paletten)<br \/>\n\u00b7 Wassertonnen<br \/>\n\u00b7 Beleuchtung (vor allem LEDs)<\/p>\n<p>Lass uns wissen, ob Du Vorschl\u00e4ge hast oder uns Material mitbringen kannst.<\/p>\n<\/details>\n<details>\n<summary>W\u00e4hrend dem Camp<\/summary>\n<h3><em>\u00dcbersetzung<\/em><\/h3>\n<p><em><br \/>\n<\/em>Wir suchen Leute, die w\u00e4hrend der Workshops und den diversen Veranstaltungen des Camps dolmetschen, vor allem in Englisch, Deutsch und Italienisch. Wenn Du das noch nie gemacht hast, keine Sorge, es gibt Hilfsmittel und ein Team, das Dir hilft. Sie k\u00f6nnen es auf dem Camp ausprobieren oder es vorher mit passion-translation (at) riseup [dot] net besprechen. <a href=\"https:\/\/rayonnantes2021.noblogs.org\/files\/2021\/06\/Passion-traduction-passion-traduction@riseup.net-0x0A14461104A765F2-public.zip\">Bei Bedarf PGP-Verschl\u00fcsselung.<\/a><\/p>\n<p><em>Diese Rubrik ist noch in Bearbeitung, mehr Informationen in K\u00fcrze.<\/em><\/p>\n<p>&nbsp;<\/p>\n<\/details>\n<details>\n<summary>Nach dem Camp<\/summary>\n<h3>Abbau<\/h3>\n<p>Und dann, nach dem Camp, naja, da muss eben aufger\u00e4umt werden! Der Abbau beginnt am Donnerstag, den 26. August und Du bist herzlich willkommen!<\/p>\n<\/details>\n","protected":false},"excerpt":{"rendered":"<p>Vor dem Camp Infos verteilen Du kannst die Plakate und Flyer, ausdrucken\/verteilen die Du hier findest. Hilfe bei der \u00dcbersetzung Es gibt viel zu \u00fcbersetzen (die Website, die Filmuntertitel, das Begr\u00fc\u00dfungsheft,&#8230;). Gesucht werden vor allem \u00dcbersetzungen in Englisch, Deutsch und Italienisch, aber auch in Kalstilisch*. Wenn Du dabei helfen kannst, sende eine E-Mail an passion-traduction <br \/><a href=\"https:\/\/rayonnantes2021.noblogs.org\/de\/mitmachen\/\" class=\"right btn read-more-btn\">Read More&nbsp;<span class=\"fa small fa-arrow-right\"><\/span><\/a><\/p>\n","protected":false},"author":16733,"featured_media":0,"parent":0,"menu_order":0,"comment_status":"closed","ping_status":"closed","template":"","meta":{"_locale":"de_DE","_original_post":"https:\/\/rayonnantes2021.noblogs.org\/?page_id=11","footnotes":""},"class_list":["post-387","page","type-page","status-publish","hentry","de-DE"],"_links":{"self":[{"href":"https:\/\/rayonnantes2021.noblogs.org\/wp-json\/wp\/v2\/pages\/387","targetHints":{"allow":["GET"]}}],"collection":[{"href":"https:\/\/rayonnantes2021.noblogs.org\/wp-json\/wp\/v2\/pages"}],"about":[{"href":"https:\/\/rayonnantes2021.noblogs.org\/wp-json\/wp\/v2\/types\/page"}],"author":[{"embeddable":true,"href":"https:\/\/rayonnantes2021.noblogs.org\/wp-json\/wp\/v2\/users\/16733"}],"replies":[{"embeddable":true,"href":"https:\/\/rayonnantes2021.noblogs.org\/wp-json\/wp\/v2\/comments?post=387"}],"version-history":[{"count":6,"href":"https:\/\/rayonnantes2021.noblogs.org\/wp-json\/wp\/v2\/pages\/387\/revisions"}],"predecessor-version":[{"id":516,"href":"https:\/\/rayonnantes2021.noblogs.org\/wp-json\/wp\/v2\/pages\/387\/revisions\/516"}],"wp:attachment":[{"href":"https:\/\/rayonnantes2021.noblogs.org\/wp-json\/wp\/v2\/media?parent=387"}],"curies":[{"name":"wp","href":"https:\/\/api.w.org\/{rel}","templated":true}]}}