{"id":389,"date":"2021-06-20T22:20:27","date_gmt":"2021-06-20T20:20:27","guid":{"rendered":"https:\/\/rayonnantes2021.noblogs.org\/?page_id=389"},"modified":"2021-07-05T13:48:52","modified_gmt":"2021-07-05T11:48:52","slug":"camp","status":"publish","type":"page","link":"https:\/\/rayonnantes2021.noblogs.org\/de\/camp\/","title":{"rendered":"Camp"},"content":{"rendered":"<p>Ehe ihr zum Rayonnantes Camp, w\u00e4re es super hilfreich wenn ihr das anonyme <a href=\"https:\/\/framaforms.org\/lesrayonnantes-1620231179\">Voreinschreibungsformular<\/a>  (in English) ausf\u00fcllen w\u00fcrdet!<\/p>\n<p>Inspiriert von den \u201cShape the camp\u201d Workshops vom <a href=\"http:\/\/climatejusticecamp.be\/en\/home\/\">Climate Justice Camp<\/a> in Beligen, haben Diskussionen in selbstgew\u00e4hlter Mischung (das hei\u00dft mit Menschen, die von einer selben Unterdr\u00fcckung betroffen sind) um verschiedene Askpekte vom Camp auszudenken. Die Resultate von den Diskussion kannst du in <a href=\"https:\/\/rayonnantes2021.noblogs.org\/de\/kampfe-gegen-systemische-unterdruckung\/\">K\u00e4mpfe gegen systemische Unterdr\u00fcckung<\/a> finden.<\/p>\n<details>\n<summary>Allgemeine Infos<\/summary>\n<h2>Freier Preis<\/h2>\n<p><strong>Das Camp wird durch freie Preise finanziert<\/strong> (Eintritt, Kantine, Transporte, Dokumentation, Bar, Softdrinks, usw.). Freier Preis bedeutet das du geben kannst was du willst, so viel du willst. Ein Teil der Finanzen des Camps kommt von au\u00dfen.<\/p>\n<p>W\u00e4hrend dem Camp wird es Infos dazu geben wie viel das Ganze gekostet hat.<\/p>\n<h2>Alkohol, Zigaretten und Drogen<\/h2>\n<p>Der Getr\u00e4nkestand wird w\u00e4hrend einem bestimmten Zeitplan Alkohol verkaufen. Damit sich jede*r wohlf\u00fchlen kann w\u00e4hrend dem Camp, wird es auch R\u00e4ume ohne Alkohol- und Drogenkonsum geben.<br \/>\nUm nicht zum Alkoholkonsum zu verleiten, wird es auch einen alkoholfreien Getr\u00e4nkestand, sowohl wie undursischtige Becher geben. Wir verlangen, dass ihr nicht unter Einfluss von Alkohol oder Drogen zu den Plena oder den Workshops kommt. Wir w\u00fcnschen uns, dass das Camp auch ein Ort ohne Rauch, Aschen und Zigarettenstummel sein soll, auch wenn es einen Raum f\u00fcr Zigarettenrauchen geben wird.<\/p>\n<h2>Nicht-menschliche Tiere<\/h2>\n<p>Wir haben nichts f\u00fcr den Empfang von nicht-menschlichen Tieren auf dem Camp vorgesehen.<br \/>\nWir w\u00fcnschen uns, dass junge Kinder auf dem Camp so frei wie m\u00f6glich sein k\u00f6nnen und deswegen bef\u00fcrchten wir ein schwieriges Zusammenleben.<br \/>\nDeswegen fordern wir, dass ihr ohne nicht-menschliche Tiere kommt.<\/p>\n<p><img loading=\"lazy\" decoding=\"async\" class=\"aligncenter size-full wp-image-195\" src=\"https:\/\/rayonnantes2021.noblogs.org\/files\/2021\/06\/decoration-14.png\" alt=\"\" width=\"546\" height=\"187\" srcset=\"https:\/\/rayonnantes2021.noblogs.org\/files\/2021\/06\/decoration-14.png 546w, https:\/\/rayonnantes2021.noblogs.org\/files\/2021\/06\/decoration-14-300x103.png 300w\" sizes=\"auto, (max-width: 546px) 100vw, 546px\" \/><\/p>\n<\/details>\n<details>\n<summary>Selbstverst\u00e4ndnis<\/summary>\n<p><em>Noch nicht ver\u00f6ffentlicht.<\/em><\/p>\n<\/details>\n<details>\n<summary>Barrierefreiheit und Komfort<\/summary>\n<p><em>Noch nicht ver\u00f6ffentlicht.<\/em><\/p>\n<\/details>\n<details>\n<summary>Schutzr\u00e4ume in selbstgew\u00e4hlter Mischung<\/summary>\n<p>Es wurden Schutzr\u00e4ume in selbstgew\u00e4hlter Mischung f\u00fcr das Camp ausgedacht : <strong>ein Erholungsraum f\u00fcr BIPoC (Black, Indigenous, People of Color)<\/strong> (ohne wei\u00dfe Menschen), ein <strong>Camping f\u00fcr FLINTA+ <\/strong> : Frauen, Lesben, Inter, Trans, Agender (ohne Zism\u00e4nner*) mit <strong>Klos<\/strong> und einem <strong>Entspannungsraum<\/strong>, und ein <strong>Erholungsraum f\u00fcr Queers<\/strong>, der auch offen f\u00fcr Menschen ist, die sich befragen.<\/p>\n<p>Wir haben uns entschieden diese Schutzr\u00e4ume in selbstgew\u00e4hlter Mischung (f\u00fcr Betroffene von einer gleichen Unterdr\u00fcckung) einzurichten. Es geht dabei darum, dass Menschen die systemische Unterdr\u00fcckung erfahren sich erholen, gemeinsam Kraft finden, sich \u00fcber Mikroagressionen austauschen, gemeinsam etwas darausziehen, dar\u00fcber diskutieren oder lachen, sie ver\u00f6ffentlichen und sie zu politisieren zu k\u00f6nnen, anstatt sie f\u00fcr sich allein zu behalten m\u00fcssen.<\/p>\n<p><strong>F\u00fcr uns gibt es keine \u201cSafespaces\u201d<\/strong> und deswegen werden die auch nicht so beschrieben und wurden nicht nach diesem Prinzip gedacht. Wir bevorzugen die Idee, dass es <strong>wohlwollende R\u00e4ume <\/strong> (Schutzr\u00e4ume in selbstgew\u00e4hlter Mischung) und <strong>konfrontative R\u00e4ume<\/strong> gibt. <\/p>\n<p>Andere R\u00e4ume werden auch eingereichtet, wie z. B. ein <strong>Raum f\u00fcr Kinder<\/strong>, die es Erwachsenen, die w\u00e4hrend dem Camp zust\u00e4ndig f\u00fcr Kinder sind, erm\u00f6glicht bei Workshops teilzunehmen und, dass Kinder sich nicht langweilen. Es wird auch einen Ruheraum ohne Interaktionen geben, damit Menschen sich erhohlen k\u00f6nnen, da wir wissen das ein Camp mit so vielen Menschen sehr anstregend sein kann.<\/p>\n<p><em>*Unter \u201cZismenschen\u201d verstehen wir Menschen die sich mit dem Gender identifizieren, dass ihnen bei der Geburt zugeschrieben wurde.<\/em><\/p>\n<p><img loading=\"lazy\" decoding=\"async\" class=\"aligncenter wp-image-201\" src=\"https:\/\/rayonnantes2021.noblogs.org\/files\/2021\/06\/decoration-20.png\" alt=\"\" width=\"260\" height=\"191\" \/><\/p>\n<\/details>\n<details>\n<summary>Corona<\/summary>\n<p><em>Noch nicht ver\u00f6ffentlicht.<\/em><\/p>\n<\/details>\n","protected":false},"excerpt":{"rendered":"<p>Ehe ihr zum Rayonnantes Camp, w\u00e4re es super hilfreich wenn ihr das anonyme Voreinschreibungsformular (in English) ausf\u00fcllen w\u00fcrdet! Inspiriert von den \u201cShape the camp\u201d Workshops vom Climate Justice Camp in Beligen, haben Diskussionen in selbstgew\u00e4hlter Mischung (das hei\u00dft mit Menschen, die von einer selben Unterdr\u00fcckung betroffen sind) um verschiedene Askpekte vom Camp auszudenken. Die Resultate <br \/><a href=\"https:\/\/rayonnantes2021.noblogs.org\/de\/camp\/\" class=\"right btn read-more-btn\">Read More&nbsp;<span class=\"fa small fa-arrow-right\"><\/span><\/a><\/p>\n","protected":false},"author":16733,"featured_media":0,"parent":0,"menu_order":0,"comment_status":"closed","ping_status":"closed","template":"","meta":{"_locale":"de_DE","_original_post":"https:\/\/rayonnantes2021.noblogs.org\/?page_id=7","footnotes":""},"class_list":["post-389","page","type-page","status-publish","hentry","de-DE"],"_links":{"self":[{"href":"https:\/\/rayonnantes2021.noblogs.org\/wp-json\/wp\/v2\/pages\/389","targetHints":{"allow":["GET"]}}],"collection":[{"href":"https:\/\/rayonnantes2021.noblogs.org\/wp-json\/wp\/v2\/pages"}],"about":[{"href":"https:\/\/rayonnantes2021.noblogs.org\/wp-json\/wp\/v2\/types\/page"}],"author":[{"embeddable":true,"href":"https:\/\/rayonnantes2021.noblogs.org\/wp-json\/wp\/v2\/users\/16733"}],"replies":[{"embeddable":true,"href":"https:\/\/rayonnantes2021.noblogs.org\/wp-json\/wp\/v2\/comments?post=389"}],"version-history":[{"count":7,"href":"https:\/\/rayonnantes2021.noblogs.org\/wp-json\/wp\/v2\/pages\/389\/revisions"}],"predecessor-version":[{"id":629,"href":"https:\/\/rayonnantes2021.noblogs.org\/wp-json\/wp\/v2\/pages\/389\/revisions\/629"}],"wp:attachment":[{"href":"https:\/\/rayonnantes2021.noblogs.org\/wp-json\/wp\/v2\/media?parent=389"}],"curies":[{"name":"wp","href":"https:\/\/api.w.org\/{rel}","templated":true}]}}