{"id":391,"date":"2021-06-20T22:21:33","date_gmt":"2021-06-20T20:21:33","guid":{"rendered":"https:\/\/rayonnantes2021.noblogs.org\/?page_id=391"},"modified":"2021-06-27T13:54:15","modified_gmt":"2021-06-27T11:54:15","slug":"antirepression","status":"publish","type":"page","link":"https:\/\/rayonnantes2021.noblogs.org\/de\/antirepression\/","title":{"rendered":"Antirepression"},"content":{"rendered":"<details>\n<summary>juristische Leitfaden<\/summary>\n<p><em>Diese Rubrik wird in K\u00fcrze vervollst\u00e4ndigt, schau gerne sp\u00e4ter noch mal rein. Im Zusammenhang mit Ereignissen, die mit dem Kampf gegen Cig\u00e9o zu tun haben, gibt es eine starke \u00dcberwachung \/ Polizeipr\u00e4senz. Es ist unser Anliegen, wachsam zu bleiben und Informationen \u00fcber die Polizeipr\u00e4senz weiterzugeben, ob es Anordnungen der Pr\u00e4fektur gibt, etc.<\/em><\/p>\n<p>In der Zwischenzeit verweisen wir auf wir auf Ressourcen von bureburebure.info.<\/p>\n<p>Der <a href=\"https:\/\/bureburebure.info\/brief-legal-en-contexte-burien\/\">juristische Leitfaden<\/a> ist auch als PDF verf\u00fcgbar:<\/p>\n<p>\u00b7 <a href=\"https:\/\/bureburebure.info\/wp-content\/uploads\/2019\/07\/Legal_brief_deutsch.pdf\">Auf Deutsch &#8211; Juni 2019<\/a><\/p>\n<p>\u00b7 <a href=\"https:\/\/bureburebure.info\/wp-content\/uploads\/2020\/03\/Brief-l%C3%A9gal-Bure-et-alentours-f%C3%A9vrier-2020.pdf\">Juristisches Briefing \u00fcber Bure und seine Umgebung &#8211; franz\u00f6sische Brosch\u00fcrenversion (beidseitiger Druck) &#8211; Februar 2020<\/a><br \/>\n\u00b7<a href=\"https:\/\/bureburebure.info\/wp-content\/uploads\/2019\/12\/Legal_brief_francais.pdf\"> Auf Franz\u00f6sisch (alte Version \/ Juni 2019)<\/a><br \/>\n\u00b7 <a href=\"https:\/\/bureburebure.info\/wp-content\/uploads\/2019\/07\/Bure-legal-brief.pdf\">Auf Englisch &#8211; Juni 2019<\/a><br \/>\n\u00b7 <a href=\"https:\/\/bureburebure.info\/wp-content\/uploads\/2019\/07\/Legal_brief_italiano.pdf\">Auf Italienisch &#8211; Juni 2019<\/a><\/p>\n<\/details>\n<details>\n<summary>Polizeikontrollenticker<\/summary>\n<p><em>Rubrik im Aufbau.<\/em><\/p>\n<\/details>\n","protected":false},"excerpt":{"rendered":"<p>juristische Leitfaden Diese Rubrik wird in K\u00fcrze vervollst\u00e4ndigt, schau gerne sp\u00e4ter noch mal rein. Im Zusammenhang mit Ereignissen, die mit dem Kampf gegen Cig\u00e9o zu tun haben, gibt es eine starke \u00dcberwachung \/ Polizeipr\u00e4senz. Es ist unser Anliegen, wachsam zu bleiben und Informationen \u00fcber die Polizeipr\u00e4senz weiterzugeben, ob es Anordnungen der Pr\u00e4fektur gibt, etc. In <br \/><a href=\"https:\/\/rayonnantes2021.noblogs.org\/de\/antirepression\/\" class=\"right btn read-more-btn\">Read More&nbsp;<span class=\"fa small fa-arrow-right\"><\/span><\/a><\/p>\n","protected":false},"author":16733,"featured_media":0,"parent":0,"menu_order":0,"comment_status":"closed","ping_status":"closed","template":"","meta":{"_locale":"de_DE","_original_post":"https:\/\/rayonnantes2021.noblogs.org\/?page_id=333","footnotes":""},"class_list":["post-391","page","type-page","status-publish","hentry","de-DE"],"_links":{"self":[{"href":"https:\/\/rayonnantes2021.noblogs.org\/wp-json\/wp\/v2\/pages\/391","targetHints":{"allow":["GET"]}}],"collection":[{"href":"https:\/\/rayonnantes2021.noblogs.org\/wp-json\/wp\/v2\/pages"}],"about":[{"href":"https:\/\/rayonnantes2021.noblogs.org\/wp-json\/wp\/v2\/types\/page"}],"author":[{"embeddable":true,"href":"https:\/\/rayonnantes2021.noblogs.org\/wp-json\/wp\/v2\/users\/16733"}],"replies":[{"embeddable":true,"href":"https:\/\/rayonnantes2021.noblogs.org\/wp-json\/wp\/v2\/comments?post=391"}],"version-history":[{"count":5,"href":"https:\/\/rayonnantes2021.noblogs.org\/wp-json\/wp\/v2\/pages\/391\/revisions"}],"predecessor-version":[{"id":522,"href":"https:\/\/rayonnantes2021.noblogs.org\/wp-json\/wp\/v2\/pages\/391\/revisions\/522"}],"wp:attachment":[{"href":"https:\/\/rayonnantes2021.noblogs.org\/wp-json\/wp\/v2\/media?parent=391"}],"curies":[{"name":"wp","href":"https:\/\/api.w.org\/{rel}","templated":true}]}}