{"id":394,"date":"2021-06-20T22:22:33","date_gmt":"2021-06-20T20:22:33","guid":{"rendered":"https:\/\/rayonnantes2021.noblogs.org\/?page_id=394"},"modified":"2021-08-13T00:19:31","modified_gmt":"2021-08-12T22:19:31","slug":"automedia","status":"publish","type":"page","link":"https:\/\/rayonnantes2021.noblogs.org\/de\/automedia\/","title":{"rendered":"(Auto)media"},"content":{"rendered":"<details>\n<summary>Unsere Produktionen<\/summary>\n<p><em>Wenn Du die Plakate und Flyer der RAYONNANTES herunterladen und verteilen m\u00f6chtest:<br \/>\n&#8211; Plakat auf <a href=\"https:\/\/rayonnantes2021.noblogs.org\/files\/2021\/06\/A3-AFFICHE-BLANCHE-trad-all-scaled.jpg\">Deutsch<\/a><\/em><\/p>\n<p><em><a href=\"https:\/\/rayonnantes2021.noblogs.org\/files\/2021\/06\/A3-AFFICHE-BLANCHE-trad-all-scaled.jpg\"><img loading=\"lazy\" decoding=\"async\" class=\"aligncenter\" src=\"https:\/\/rayonnantes2021.noblogs.org\/files\/2021\/06\/A3-AFFICHE-BLANCHE-trad-all-scaled.jpg\" width=\"384\" height=\"543\" \/> <\/a><br \/>\n&#8211; <a href=\"https:\/\/rayonnantes2021.noblogs.org\/files\/2021\/06\/Version-all.cleaned.pdf\">Flyer auf Deutsch<\/a><br \/>\n&#8211; Plakate in Sprachen : <a href=\"https:\/\/rayonnantes2021.noblogs.org\/automedias\/\">Franz\u00f6sisch<\/a>, <a href=\"https:\/\/rayonnantes2021.noblogs.org\/files\/2021\/06\/A3-AFFICHE-BLANCHE-eng.cleaned-2-scaled-1.jpg\">Englisch<\/a>, <a href=\"https:\/\/rayonnantes2021.noblogs.org\/files\/2021\/06\/A3-AFFICHE-BLANCHE-ita.cleaned-scaled-1.jpg\">Italien<\/a>, <a href=\"https:\/\/rayonnantes2021.noblogs.org\/files\/2021\/06\/A3-AFFICHE-BLANCHE-cast.cleaned-scaled-1.jpg\">Kastilisch<\/a>.<br \/>\n<\/em><\/p>\n<\/details>\n<details>\n<summary>M\u00f6chtest du Medienarbeit machen?<\/summary>\n<ul>\n<li>\u00a0Twitter <a href=\"https:\/\/twitter.com\/nantes_rayon\">nantes_rayon<\/a><\/li>\n<li>\u00a0Instagram <a href=\"https:\/\/www.instagram.com\/lesrayonnantes2021\"> lesrayonnantes2021<\/a><\/li>\n<li>\u00a0Facebook <a href=\"https:\/\/www.facebook.com\/rayonnantes2021\">rayonnantes2021<\/a><\/li>\n<\/ul>\n<p><em>\u00a0<\/em><\/p>\n<p>Um uns zu schreiben: <a href=\"mailto:communykation@riseup.net\">communykation@riseup.net<\/a> &gt;<a href=\"https:\/\/rayonnantes2021.noblogs.org\/files\/2021\/06\/communikation-communykation@riseup.net-0x8E74A32D5F66D41B-public.zip\"> PGP-Schl\u00fcssel<\/a><\/p>\n<\/details>\n<details>\n<summary>Presseschau<\/summary>\n<p><em>Rubrik im Aufbau.<\/em><\/p>\n<\/details>\n","protected":false},"excerpt":{"rendered":"<p>Unsere Produktionen Wenn Du die Plakate und Flyer der RAYONNANTES herunterladen und verteilen m\u00f6chtest: &#8211; Plakat auf Deutsch &#8211; Flyer auf Deutsch &#8211; Plakate in Sprachen : Franz\u00f6sisch, Englisch, Italien, Kastilisch. M\u00f6chtest du Medienarbeit machen? \u00a0Twitter nantes_rayon \u00a0Instagram lesrayonnantes2021 \u00a0Facebook rayonnantes2021 \u00a0 Um uns zu schreiben: communykation@riseup.net &gt; PGP-Schl\u00fcssel Presseschau Rubrik im Aufbau.<\/p>\n","protected":false},"author":16733,"featured_media":0,"parent":0,"menu_order":0,"comment_status":"closed","ping_status":"closed","template":"","meta":{"_locale":"de_DE","_original_post":"https:\/\/rayonnantes2021.noblogs.org\/?page_id=14","footnotes":""},"class_list":["post-394","page","type-page","status-publish","hentry","de-DE"],"_links":{"self":[{"href":"https:\/\/rayonnantes2021.noblogs.org\/wp-json\/wp\/v2\/pages\/394","targetHints":{"allow":["GET"]}}],"collection":[{"href":"https:\/\/rayonnantes2021.noblogs.org\/wp-json\/wp\/v2\/pages"}],"about":[{"href":"https:\/\/rayonnantes2021.noblogs.org\/wp-json\/wp\/v2\/types\/page"}],"author":[{"embeddable":true,"href":"https:\/\/rayonnantes2021.noblogs.org\/wp-json\/wp\/v2\/users\/16733"}],"replies":[{"embeddable":true,"href":"https:\/\/rayonnantes2021.noblogs.org\/wp-json\/wp\/v2\/comments?post=394"}],"version-history":[{"count":9,"href":"https:\/\/rayonnantes2021.noblogs.org\/wp-json\/wp\/v2\/pages\/394\/revisions"}],"predecessor-version":[{"id":1198,"href":"https:\/\/rayonnantes2021.noblogs.org\/wp-json\/wp\/v2\/pages\/394\/revisions\/1198"}],"wp:attachment":[{"href":"https:\/\/rayonnantes2021.noblogs.org\/wp-json\/wp\/v2\/media?parent=394"}],"curies":[{"name":"wp","href":"https:\/\/api.w.org\/{rel}","templated":true}]}}