{"id":398,"date":"2021-06-20T22:25:14","date_gmt":"2021-06-20T20:25:14","guid":{"rendered":"https:\/\/rayonnantes2021.noblogs.org\/?page_id=398"},"modified":"2021-07-09T16:04:42","modified_gmt":"2021-07-09T14:04:42","slug":"kampfe-gegen-systemische-unterdruckung","status":"publish","type":"page","link":"https:\/\/rayonnantes2021.noblogs.org\/de\/kampfe-gegen-systemische-unterdruckung\/","title":{"rendered":"K\u00e4mpfe gegen systemische Unterdr\u00fcckung"},"content":{"rendered":"<p>F\u00fcr uns begann das Abenteuer gegen die Atomkraft und ihre Welt schon vor einigen Jahren, und wir tr\u00e4umen schon seit Monaten von die Sommerfestivit\u00e4ten. Je mehr wir in die Vorbereitung dieses Lagers kamen, desto klarer wurde, dass wir es mit Menschen aufbauen wollen, die an verschiedenen Fronten k\u00e4mpfen. Es reichte nicht aus, sie in dieses Lager einzuladen: <strong>Wir m\u00fcssen es von Anfang an gemeinsam aufbauen<\/strong>. Indem wir die Atomkraft angreifen, f\u00fchren wir nicht nur einen antikapitalistischen \u00f6kologischen Kampf, sondern greifen auch alle Systeme der Unterdr\u00fcckung an, die mit ihr verbunden sind: Rassismus, Kolonialismus, Cis-Heteronormativit\u00e4t, Klassismus, Validismus, Speziesismus&#8230; (um nur diese zu nennen).<\/p>\n<p>Wir haben uns also gefragt, wie wir die Leute noch offener zu diesem Abenteuer einladen k\u00f6nnen. Es wurde uns gesagt gemeinsame Baustellen zu organisieren, <strong>die wir CoCons-Workshops nannten<\/strong>. Dies sind Momente in gew\u00e4hlter Gemischtheit, um dar\u00fcber nachzudenken, was ihr dort gerne sehen und mitbauen w\u00fcrdet, was euch zum Tr\u00e4umen bringen w\u00fcrde.<\/p>\n<p>Es wird ein<strong> \u00ab Achtsamskeit \u00bb-Team<\/strong> geben, das auf systemische Unterdr\u00fcckungen achtet (vor, w\u00e4hrend und nach dem Camp) und R\u00e4ume gew\u00e4hlter Gemischtheit sind bereits ausgelegt. <strong>F\u00fcr uns gibt es keinen &#8222;sicheren&#8220; Raum<\/strong>, deshalb werden sie auch nicht als solche bezeichnet oder gedacht. Wir bevorzugen die Vorstellung, dass es <strong>wohlwollende R\u00e4ume<\/strong> (die gew\u00e4hlt gemischten R\u00e4ume) und <strong>konfrontierende R\u00e4ume<\/strong> (wahrscheinlich der Rest des Camps) gibt. Dank der vielen R\u00fcckmeldungen, die wir bereits erhalten haben und weiterhin erhalten werden, werden auch eine Charta und p\u00e4dagogische Hilfsmittel geschrieben.<\/p>\n<p>Es gibt wahrscheinlich noch tausend Dinge, an die wir nicht gedacht haben, und wir k\u00f6nnen es kaum erwarten, mit allen, die wollen, weiter mitzubauen!<\/p>\n<p>Hier k\u00f6nnt Ihre uns kontaktieren: <strong>lescopainesdelest [at] riseup.net<\/strong> &gt; <a href=\"https:\/\/rayonnantes2021.noblogs.org\/files\/2021\/06\/lescopainesdelest-lescopainesdelest@riseup.net-0x21DF099AB675EE93-public.zip\">PGP-Schl\u00fcssel<\/a><\/p>\n<details>\n<summary>FLINTA* (Frauen, Lesben, Intersex, Non-binary, Trans, Agender)<\/summary>\n<p><em>Noch nicht \u00fcbersetzt<\/em><\/p>\n<\/details>\n<details>\n<summary>Queer<\/summary>\n<p><em>Noch nicht \u00fcbersetzt<\/em><\/p>\n<\/details>\n<details>\n<summary>Neurodiversit\u00e4t<\/summary>\n<p><em>Noch nicht \u00fcbersetzt<\/em><\/p>\n<\/details>\n<details>\n<summary>Antirassismus<\/summary>\n<p><em>Noch nicht \u00fcbersetzt<\/em><\/p>\n<\/details>\n<details>\n<summary>Antiklassimus<\/summary>\n<p><em>Noch nicht \u00fcbersetzt<\/em><\/p>\n<\/details>\n<details>\n<summary>Antiableism<\/summary>\n<p><em>Noch nicht \u00fcbersetzt<\/em><\/p>\n<\/details>\n","protected":false},"excerpt":{"rendered":"<p>F\u00fcr uns begann das Abenteuer gegen die Atomkraft und ihre Welt schon vor einigen Jahren, und wir tr\u00e4umen schon seit Monaten von die Sommerfestivit\u00e4ten. Je mehr wir in die Vorbereitung dieses Lagers kamen, desto klarer wurde, dass wir es mit Menschen aufbauen wollen, die an verschiedenen Fronten k\u00e4mpfen. Es reichte nicht aus, sie in dieses <br \/><a href=\"https:\/\/rayonnantes2021.noblogs.org\/de\/kampfe-gegen-systemische-unterdruckung\/\" class=\"right btn read-more-btn\">Read More&nbsp;<span class=\"fa small fa-arrow-right\"><\/span><\/a><\/p>\n","protected":false},"author":16733,"featured_media":0,"parent":0,"menu_order":0,"comment_status":"closed","ping_status":"closed","template":"","meta":{"_locale":"de_DE","_original_post":"https:\/\/rayonnantes2021.noblogs.org\/?page_id=347","footnotes":""},"class_list":["post-398","page","type-page","status-publish","hentry","de-DE"],"_links":{"self":[{"href":"https:\/\/rayonnantes2021.noblogs.org\/wp-json\/wp\/v2\/pages\/398","targetHints":{"allow":["GET"]}}],"collection":[{"href":"https:\/\/rayonnantes2021.noblogs.org\/wp-json\/wp\/v2\/pages"}],"about":[{"href":"https:\/\/rayonnantes2021.noblogs.org\/wp-json\/wp\/v2\/types\/page"}],"author":[{"embeddable":true,"href":"https:\/\/rayonnantes2021.noblogs.org\/wp-json\/wp\/v2\/users\/16733"}],"replies":[{"embeddable":true,"href":"https:\/\/rayonnantes2021.noblogs.org\/wp-json\/wp\/v2\/comments?post=398"}],"version-history":[{"count":5,"href":"https:\/\/rayonnantes2021.noblogs.org\/wp-json\/wp\/v2\/pages\/398\/revisions"}],"predecessor-version":[{"id":693,"href":"https:\/\/rayonnantes2021.noblogs.org\/wp-json\/wp\/v2\/pages\/398\/revisions\/693"}],"wp:attachment":[{"href":"https:\/\/rayonnantes2021.noblogs.org\/wp-json\/wp\/v2\/media?parent=398"}],"curies":[{"name":"wp","href":"https:\/\/api.w.org\/{rel}","templated":true}]}}