{"id":529,"date":"2021-06-27T16:00:07","date_gmt":"2021-06-27T14:00:07","guid":{"rendered":"https:\/\/rayonnantes2021.noblogs.org\/?page_id=529"},"modified":"2021-08-03T16:24:30","modified_gmt":"2021-08-03T14:24:30","slug":"aktionen","status":"publish","type":"page","link":"https:\/\/rayonnantes2021.noblogs.org\/de\/aktionen\/","title":{"rendered":"Aktionen"},"content":{"rendered":"<p><em>Wir leiten einen Aufruf zu Aktionen weiter, die zur gleichen Zeit im selben Gebiet als das Camp Les Rayonnantes stattfinden sollen. Der Aktionsaufruf erschien (auf Franz\u00f6sich) auf Nantes indymedia : <a href=\"https:\/\/dev.nantes.indymedia.org\/articles\/56127\">https:\/\/nantes.indymedia.org\/articles\/56098<\/a><\/em><\/p>\n<div id=\"summary\">\n<h2 style=\"text-align: center\"><em><strong>Festliche und entschlossene Zusammenk\u00fcnfte am Rande des &#8222;Les Rayonnantes&#8220; Camps.<br \/>\nVom 20.-23.August 2021 in der N\u00e4he von Bure (Frankreich).<\/strong><\/em><\/h2>\n<\/div>\n<div class=\"article\">\n<p>Das Antiatom Camp &#8222;Les Rayonnantes&#8220; findet vom 16 bis 26 August in der N\u00e4he zu Bure statt. W\u00e4hrend der zehn Tage wird es Skillsharing, Selbstbildung, Diskussionen und Trainings geben. Nutzen wir diesen gro\u00dfartigen Moment und treffen wir uns am Wochenende vom 20. bis 23. August mit noch mehr Menschen um unsere Kr\u00e4fte zu vereinigen um ANDRA und dem Atomstaat klar zu machen, dass wir CIG\u00c9O, dieses m\u00f6rderische Projekt, nicht zulassen werden.<\/p>\n<p>Wir prangern nicht nur eine schlechte &#8222;L\u00f6sung&#8220; um den Atomm\u00fcll zu lagern an, sondern die gesamte atomare Industrie, ihren kolonialen Extraktivismus, ihre Rolle in der kapitalistischen \u00d6konomie, ihren Anteil an einer militaristischen Gesellschaft.<\/p>\n<p>Die kommenden Monate sind entscheidend. Wenn das Atomm\u00fcllprojekt dieses Jahr als gemeinn\u00fctzig erkl\u00e4rt wird, k\u00f6nnen die Arbeiten beginnen die eine Enteignung von Bewohner*innen, B\u00e4uer*innen und kollektiven Widerstandsorten voraussetzen.<\/p>\n<p>Versammeln wir uns um dieses Projekt zu verhindern und um uns zu erheben gegen diese neokoloniale, milit\u00e4rische und kapitalistische Industrie! Wie ein Schwarm fliegen wir \u00fcber die Felder, D\u00f6rfer und W\u00e4lder. Bilden wir &#8222;Finger&#8220;. Unterschiedlich, bunt, festlich, die sich das Gebiet wieder aneignen. Blockieren wir den Beginn der Arbeiten, widerstehen wir den Enteignungen und schaffen wir neues.<\/p>\n<p>Um den n\u00f6tigen Druck aufzubauen, braucht es alle. Und alle sind willkommen!<br \/>\nUnsere unterschiedlichen Arten zu k\u00e4mpfen auszudr\u00fccken wird uns nur St\u00e4rker machen. Ungeachtet der Repression gewinnen wir unser Selbstvertrauen zur\u00fcck. Vertrauen in uns, vertrauen der einen in die anderen. Und kehren wir zur\u00fcck um heraus zu schreien, dass wir diese nukleare Welt nicht wollen.<\/p>\n<p>Notiert euch schon jetzt die Termine. Weitere Informationen zu den Versammlungen folgen im Juli.<br \/>\n<strong><br \/>\nGemeinsam k\u00f6nnen wir das Sandkorn sein, das die atomare Maschine zum Stillstand bringt!<\/strong><\/p>\n<hr \/>\n<p><em>Herunterladbare Poster in Franz\u00f6sisch und Englisch, Druck- und Webversionen.<\/em><\/p>\n<p><img loading=\"lazy\" decoding=\"async\" class=\"alignnone size-large wp-image-694\" src=\"https:\/\/rayonnantes2021.noblogs.org\/files\/2021\/07\/fr_ok_web.cleaned-724x1024.jpg\" alt=\"\" width=\"724\" height=\"1024\" srcset=\"https:\/\/rayonnantes2021.noblogs.org\/files\/2021\/07\/fr_ok_web.cleaned-724x1024.jpg 724w, https:\/\/rayonnantes2021.noblogs.org\/files\/2021\/07\/fr_ok_web.cleaned-212x300.jpg 212w, https:\/\/rayonnantes2021.noblogs.org\/files\/2021\/07\/fr_ok_web.cleaned-768x1086.jpg 768w, https:\/\/rayonnantes2021.noblogs.org\/files\/2021\/07\/fr_ok_web.cleaned-1086x1536.jpg 1086w, https:\/\/rayonnantes2021.noblogs.org\/files\/2021\/07\/fr_ok_web.cleaned-1448x2048.jpg 1448w, https:\/\/rayonnantes2021.noblogs.org\/files\/2021\/07\/fr_ok_web.cleaned.jpg 1754w\" sizes=\"auto, (max-width: 724px) 100vw, 724px\" \/><\/p>\n<p style=\"text-align: center\"><em>Webposter auf Franz\u00f6sisch<\/em><\/p>\n<\/div>\n<p><img loading=\"lazy\" decoding=\"async\" class=\"alignnone size-large wp-image-695\" src=\"https:\/\/rayonnantes2021.noblogs.org\/files\/2021\/07\/eng_web_ok.cleaned-724x1024.jpg\" alt=\"\" width=\"724\" height=\"1024\" srcset=\"https:\/\/rayonnantes2021.noblogs.org\/files\/2021\/07\/eng_web_ok.cleaned-724x1024.jpg 724w, https:\/\/rayonnantes2021.noblogs.org\/files\/2021\/07\/eng_web_ok.cleaned-212x300.jpg 212w, https:\/\/rayonnantes2021.noblogs.org\/files\/2021\/07\/eng_web_ok.cleaned-768x1086.jpg 768w, https:\/\/rayonnantes2021.noblogs.org\/files\/2021\/07\/eng_web_ok.cleaned-1086x1536.jpg 1086w, https:\/\/rayonnantes2021.noblogs.org\/files\/2021\/07\/eng_web_ok.cleaned-1448x2048.jpg 1448w, https:\/\/rayonnantes2021.noblogs.org\/files\/2021\/07\/eng_web_ok.cleaned.jpg 1754w\" sizes=\"auto, (max-width: 724px) 100vw, 724px\" \/><\/p>\n<p style=\"text-align: center\"><em>Webposter auf Englisch<\/em><\/p>\n<hr \/>\n<p style=\"text-align: center\"><a href=\"https:\/\/nantes.indymedia.org\/system\/file_upload\/2021\/07\/08\/14311\/fr_ok_print2.jpg\">Plakat in franz\u00f6sischer Sprache (zum Ausdrucken)<\/a><\/p>\n<p style=\"text-align: center\"><a href=\"https:\/\/nantes.indymedia.org\/system\/file_upload\/2021\/07\/08\/14312\/eng_print_ok.jpg\">Plakat in englischer Sprache (zum Ausdrucken)<\/a><\/p>\n","protected":false},"excerpt":{"rendered":"<p>Wir leiten einen Aufruf zu Aktionen weiter, die zur gleichen Zeit im selben Gebiet als das Camp Les Rayonnantes stattfinden sollen. Der Aktionsaufruf erschien (auf Franz\u00f6sich) auf Nantes indymedia : https:\/\/nantes.indymedia.org\/articles\/56098 Festliche und entschlossene Zusammenk\u00fcnfte am Rande des &#8222;Les Rayonnantes&#8220; Camps. Vom 20.-23.August 2021 in der N\u00e4he von Bure (Frankreich). Das Antiatom Camp &#8222;Les Rayonnantes&#8220; <br \/><a href=\"https:\/\/rayonnantes2021.noblogs.org\/de\/aktionen\/\" class=\"right btn read-more-btn\">Read More&nbsp;<span class=\"fa small fa-arrow-right\"><\/span><\/a><\/p>\n","protected":false},"author":16740,"featured_media":0,"parent":0,"menu_order":0,"comment_status":"closed","ping_status":"closed","template":"","meta":{"_locale":"de_DE","_original_post":"https:\/\/rayonnantes2021.noblogs.org\/?page_id=523","footnotes":""},"class_list":["post-529","page","type-page","status-publish","hentry","de-DE"],"_links":{"self":[{"href":"https:\/\/rayonnantes2021.noblogs.org\/wp-json\/wp\/v2\/pages\/529","targetHints":{"allow":["GET"]}}],"collection":[{"href":"https:\/\/rayonnantes2021.noblogs.org\/wp-json\/wp\/v2\/pages"}],"about":[{"href":"https:\/\/rayonnantes2021.noblogs.org\/wp-json\/wp\/v2\/types\/page"}],"author":[{"embeddable":true,"href":"https:\/\/rayonnantes2021.noblogs.org\/wp-json\/wp\/v2\/users\/16740"}],"replies":[{"embeddable":true,"href":"https:\/\/rayonnantes2021.noblogs.org\/wp-json\/wp\/v2\/comments?post=529"}],"version-history":[{"count":10,"href":"https:\/\/rayonnantes2021.noblogs.org\/wp-json\/wp\/v2\/pages\/529\/revisions"}],"predecessor-version":[{"id":979,"href":"https:\/\/rayonnantes2021.noblogs.org\/wp-json\/wp\/v2\/pages\/529\/revisions\/979"}],"wp:attachment":[{"href":"https:\/\/rayonnantes2021.noblogs.org\/wp-json\/wp\/v2\/media?parent=529"}],"curies":[{"name":"wp","href":"https:\/\/api.w.org\/{rel}","templated":true}]}}