{"id":358,"date":"2021-06-20T21:36:32","date_gmt":"2021-06-20T19:36:32","guid":{"rendered":"https:\/\/rayonnantes2021.noblogs.org\/?page_id=358"},"modified":"2021-07-18T23:31:45","modified_gmt":"2021-07-18T21:31:45","slug":"lotte-sistemiche","status":"publish","type":"page","link":"https:\/\/rayonnantes2021.noblogs.org\/it\/lotte-sistemiche\/","title":{"rendered":"Lotte sistemiche"},"content":{"rendered":"<p lang=\"it-IT\">LOTTE SISTEMICHE<\/p>\n<p lang=\"it-IT\">Per noi, l&#8217;avventura contro il nucleare e il suo mondo \u00e8 iniziata diversi anni fa e abbiamo sognato i festeggiamenti di quest&#8217;estate per diversi mesi. Pi\u00f9 preparavamo questo campo, pi\u00f9 diventava chiaro che volevamo <b>costruirlo con persone in lotta su diversi fronti.<\/b> Invitarle al campo non era sufficiente: <b>dovevamo iniziare a costruire insieme<\/b>. Perch\u00e9 attaccare il nucleare non significa solo condurre una lotta ecologica anticapitalista, ma anche attaccare tutti i sistemi di oppressione ad esso collegati: razzismo, colonialismo, cis-eteronormativit\u00e0, classismo, validismo, specismo&#8230; (per citarne alcuni).<\/p>\n<p lang=\"it-IT\">Cos\u00ec ci siamo chiesti come invitare le persone a partecipare a questa avventura. Ci \u00e8 stato detto di fare dei <b>momenti<\/b><b> di co-costruzione, che abbiamo chiamato <\/b><b>momenti<\/b><b> CoCon<\/b>. Si tratta di momenti in mixit\u00e0 scelta in cui si pu\u00f2 pensare a ci\u00f2 che si vorrebbe vedere in questo campo, a ci\u00f2 che si vorrebbe costruire l\u00ec, a ci\u00f2 che farebbe sognare.<\/p>\n<p lang=\"it-IT\">Ci sar\u00e0 un <b>gruppo<\/b><b> di &#8220;awarness&#8221;<\/b> incaricato di prestare attenzione alle oppressioni sistemiche (prima, durante e dopo il campo) e sono gi\u00e0 stati pensati spazi in mixit\u00e0 scelta. Per noi <b>non esiste uno spazio &#8220;sicuro&#8221;<\/b>, ed \u00e8 per questo che non saranno descritti come tali o pensati come tali. Preferiamo l&#8217;idea che ci siano <b>spazi benevoli <\/b>(gli spazi in mixit\u00e0 scelta) e <b>spazi <\/b><b>confrontati<\/b> (probabilmente il resto del campo). Si sta anche scrivendo un testo e del materiale pedagogico grazie a tutti i feedback che abbiamo gi\u00e0 avuto e che continuiamo a ricevere.<\/p>\n<p lang=\"it-IT\">Probabilmente ci sono ancora mille cose a cui non abbiamo pensato e non vediamo l&#8217;ora di continuare a Co-Construire con tuttx quellx che lo desiderano!<\/p>\n<p lang=\"it-IT\">Per contattarci: <b>lescopainesdelest [at] riseup.net<\/b> &gt; Chiave PGP<\/p>\n<p lang=\"it-IT\"><u>DINT (Donne, Intersesso, Non-binarx, Trans)<\/u><\/p>\n<p lang=\"it-IT\"><i>In costruzione, pi\u00f9 informazione tra poco.<\/i><\/p>\n<p lang=\"it-IT\"><u>Queer<\/u><\/p>\n<p lang=\"it-IT\"><i>In costruzione, pi\u00f9 informazione tra poco.<\/i><\/p>\n<p lang=\"it-IT\"><u>Neuro-diversit\u00e0<\/u><\/p>\n<p lang=\"it-IT\"><i>In costruzione, pi\u00f9 informazione tra poco.<\/i><\/p>\n<p lang=\"it-IT\"><u>Antirazzismo<\/u><\/p>\n<p lang=\"it-IT\"><i>In costruzione, pi\u00f9 informazione tra poco.<\/i><\/p>\n<p lang=\"it-IT\"><u>Anticlassismo <\/u><\/p>\n<p lang=\"it-IT\"><i>In costruzione, pi\u00f9 informazione tra poco.<\/i><\/p>\n<p lang=\"it-IT\"><u>Antivalidismo <\/u><\/p>\n<p lang=\"it-IT\"><i>In costruzione, pi\u00f9 informazione tra poco.<\/i><\/p>\n","protected":false},"excerpt":{"rendered":"<p>LOTTE SISTEMICHE Per noi, l&#8217;avventura contro il nucleare e il suo mondo \u00e8 iniziata diversi anni fa e abbiamo sognato i festeggiamenti di quest&#8217;estate per diversi mesi. Pi\u00f9 preparavamo questo campo, pi\u00f9 diventava chiaro che volevamo costruirlo con persone in lotta su diversi fronti. Invitarle al campo non era sufficiente: dovevamo iniziare a costruire insieme. <br \/><a href=\"https:\/\/rayonnantes2021.noblogs.org\/it\/lotte-sistemiche\/\" class=\"right btn read-more-btn\">Read More&nbsp;<span class=\"fa small fa-arrow-right\"><\/span><\/a><\/p>\n","protected":false},"author":16733,"featured_media":0,"parent":0,"menu_order":0,"comment_status":"closed","ping_status":"closed","template":"","meta":{"_locale":"it_IT","_original_post":"https:\/\/rayonnantes2021.noblogs.org\/?page_id=347","footnotes":""},"class_list":["post-358","page","type-page","status-publish","hentry","it-IT"],"_links":{"self":[{"href":"https:\/\/rayonnantes2021.noblogs.org\/wp-json\/wp\/v2\/pages\/358","targetHints":{"allow":["GET"]}}],"collection":[{"href":"https:\/\/rayonnantes2021.noblogs.org\/wp-json\/wp\/v2\/pages"}],"about":[{"href":"https:\/\/rayonnantes2021.noblogs.org\/wp-json\/wp\/v2\/types\/page"}],"author":[{"embeddable":true,"href":"https:\/\/rayonnantes2021.noblogs.org\/wp-json\/wp\/v2\/users\/16733"}],"replies":[{"embeddable":true,"href":"https:\/\/rayonnantes2021.noblogs.org\/wp-json\/wp\/v2\/comments?post=358"}],"version-history":[{"count":3,"href":"https:\/\/rayonnantes2021.noblogs.org\/wp-json\/wp\/v2\/pages\/358\/revisions"}],"predecessor-version":[{"id":774,"href":"https:\/\/rayonnantes2021.noblogs.org\/wp-json\/wp\/v2\/pages\/358\/revisions\/774"}],"wp:attachment":[{"href":"https:\/\/rayonnantes2021.noblogs.org\/wp-json\/wp\/v2\/media?parent=358"}],"curies":[{"name":"wp","href":"https:\/\/api.w.org\/{rel}","templated":true}]}}