{"id":364,"date":"2021-06-20T21:44:45","date_gmt":"2021-06-20T19:44:45","guid":{"rendered":"https:\/\/rayonnantes2021.noblogs.org\/?page_id=364"},"modified":"2021-08-13T00:36:37","modified_gmt":"2021-08-12T22:36:37","slug":"coinvolgersi","status":"publish","type":"page","link":"https:\/\/rayonnantes2021.noblogs.org\/it\/coinvolgersi\/","title":{"rendered":"Coinvolgersi"},"content":{"rendered":"<details>\n<summary>Prima del campo<\/summary>\n<p lang=\"it-IT\"><i>Trasmettere l\u2019informazione<\/i><\/p>\n<p lang=\"it-IT\">Puoi stampare \/ distribuire i manifesti e i volantini che puoi trovare qua.<\/p>\n<p lang=\"it-IT\"><i>Aiuto con la traduzione<\/i><\/p>\n<p lang=\"it-IT\">C&#8217;\u00e8 molto da tradurre (il sito web, i sottotitoli del film, il libretto di benvenuto,&#8230;). Cerchiamo soprattutto traduzioni in inglese, tedesco e italiano, ma anche in castigliano*. Se puoi aiutare con questo, manda una mail a passion-traduction (at) riseup.net. Chiave Pgp se necessario.<\/p>\n<p lang=\"it-IT\">* Castigliano: lingua ufficiale dello stato spagnolo &#8211; altre lingue sono parlate in Spagna come il catalano, preferiamo non renderle invisibili dietro il nome &#8220;spagnolo&#8221;.<\/p>\n<p lang=\"it-IT\"><i>Montaggio<\/i><\/p>\n<p lang=\"it-IT\">Se vuoi aiutare nell&#8217;organizzazione, proporre un attivit\u00e0 o partecipare al montaggio del campo dal 9 al 16 agosto, scrivi a mobilisation-rayonnante [at] riseup.net.<\/p>\n<p lang=\"it-IT\"><i>Richiesta di materiale<\/i><\/p>\n<p lang=\"it-IT\">Per questa estate c\u2019\u00e8 una lista del materiale che cerchiamo. Attenzione, la lista cambia!<\/p>\n<p lang=\"it-IT\">Materiale di logistica:<\/p>\n<p lang=\"it-IT\">materiale elettriche (in particolare pannelli solari)<\/p>\n<p lang=\"it-IT\">materiale da costruzione (travi, asse, bancale)<\/p>\n<p lang=\"it-IT\">tonnellata d&#8217;acqua<\/p>\n<p lang=\"it-IT\">illuminazione (in particolare i LED)<\/p>\n<p lang=\"it-IT\">Materiale artivismo:<\/p>\n<p lang=\"it-IT\">immagini radiofoniche<\/p>\n<p lang=\"it-IT\">un sacco di vernice (acrilica o altro)!!!<\/p>\n<p lang=\"it-IT\">pennelli fini, medi e grandi<\/p>\n<p lang=\"it-IT\">fogli di linoleum<\/p>\n<p lang=\"it-IT\">un sacco di TESSUTI! (tessuti belli, tessuti grandi, brandelli di tessuto, tessuti colorati ecc ecc)<\/p>\n<p lang=\"it-IT\">teloni per striscioni<\/p>\n<p lang=\"it-IT\">vestiti e accessori per comstumi<\/p>\n<p lang=\"it-IT\">piccoli barattoli e vasi di vetro (per fare le lanterne)<\/p>\n<p lang=\"it-IT\">tanto tanto bamb\u00f9 o altre aste di legno lunghe e leggere<\/p>\n<p lang=\"it-IT\">riviste, fumetti, giornali ecc. da ritagliare e fare collage<\/p>\n<p lang=\"it-IT\">una macchina da cucire &lt;3<\/p>\n<p lang=\"it-IT\">Materiale da dessert (e s\u00ec, non fermiamo il progresso):<\/p>\n<p lang=\"it-IT\">Marmellate e composte<\/p>\n<p lang=\"it-IT\">Tutto ci\u00f2 che vi piace mangiare e condividere a colazione<\/p>\n<p lang=\"it-IT\">Un sacco di frutta<\/p>\n<p lang=\"it-IT\">Frutta secca, semi, noci&#8230;<\/p>\n<p lang=\"it-IT\">Altro !<\/p>\n<p><span lang=\"it-IT\">Fateci sapere se avete dei progetti o potete portarci del materiale scrivendo a <\/span><a href=\"mailto:mobilisation-rayonnantes@riseup.net\">mobilisation-rayonnantes@riseup.net<\/a><\/p>\n<\/details>\n<details>\n<summary>Durante il campo<\/summary>\n<p lang=\"it-IT\"><i>Traduzione \/ Interpretazione<\/i><\/p>\n<p lang=\"it-IT\">Vogliamo formare una squadra che possa interpretare nelle seguenti lingue: francese \/ inglese \/ tedesco \/ italiano.<\/p>\n<p lang=\"it-IT\">Se non l&#8217;hai mai fatto prima, non preoccuparti, ci sono strumenti e un gruppo per aiutarti.<\/p>\n<p lang=\"it-IT\">Ecco cosa comporta far parte del gruppo di interpretazione del campo<\/p>\n<p lang=\"it-IT\">&#8211; partecipare a una riunione quotidiana del gruppo di interpretazione. Questa riunione servir\u00e0 ad assegnare le diverse interpretazioni per il giorno successivo. Permetter\u00e0 anche di avere un feedback, di controllare che le cose stiano andando bene, e di aggiustare il modo in cui funziona l&#8217;interpretazione.<\/p>\n<p lang=\"it-IT\">&#8211; avere un ruolo \u201cpublico\u201d. Dovrete essere in uno spazio specifico che sia visibile a tuttx. Inoltre, a volte dovere parlare a voce alta per descrivere il funzionamento del interpretazione o per intervenire in caso di problemi.<\/p>\n<p lang=\"it-IT\">&#8211; accettare alcuni eventi inaspettati. A volte ti pu\u00f2 capitare di dover rispondere a situazioni inaspettate: unx collega interprete deve essere sostituitx, c&#8217;\u00e8 un&#8217;interruzione di corrente, una persona che non capisce il francese si \u00e8 fatta male e tu devi tradurre alle persone del ambulanza.<\/p>\n<p lang=\"it-IT\">Ci\u00f2 che l&#8217;interpretazione non comporta \u00e8 :<\/p>\n<p lang=\"it-IT\">&#8211; sentirsi obbligatx a interpretare tutti i workshop<\/p>\n<p lang=\"it-IT\">&#8211; far parte dell&#8217;organizzazione del campo<\/p>\n<p lang=\"it-IT\">&#8211; dover essere presente dall&#8217;inizio alla fine del campo<\/p>\n<p lang=\"it-IT\">Se vuoi discuterne prima o offrire il tuo aiuto, contattaci a passion-traduction (at) riseup.net. chiave PGP s\u00e9 bisogno.<\/p>\n<\/details>\n<details>\n<summary>Dopo il campo<\/summary>\n<p lang=\"it-IT\"><img loading=\"lazy\" decoding=\"async\" class=\"alignnone size-full wp-image-186\" src=\"https:\/\/rayonnantes2021.noblogs.org\/files\/2021\/06\/decoration-05.png\" alt=\"\" width=\"225\" height=\"187\" \/><\/p>\n<p lang=\"it-IT\"><i>Smontaggio<\/i><\/p>\n<\/details>\n","protected":false},"excerpt":{"rendered":"<p>Prima del campo Trasmettere l\u2019informazione Puoi stampare \/ distribuire i manifesti e i volantini che puoi trovare qua. Aiuto con la traduzione C&#8217;\u00e8 molto da tradurre (il sito web, i sottotitoli del film, il libretto di benvenuto,&#8230;). Cerchiamo soprattutto traduzioni in inglese, tedesco e italiano, ma anche in castigliano*. Se puoi aiutare con questo, manda <br \/><a href=\"https:\/\/rayonnantes2021.noblogs.org\/it\/coinvolgersi\/\" class=\"right btn read-more-btn\">Read More&nbsp;<span class=\"fa small fa-arrow-right\"><\/span><\/a><\/p>\n","protected":false},"author":16733,"featured_media":0,"parent":0,"menu_order":0,"comment_status":"closed","ping_status":"closed","template":"","meta":{"_locale":"it_IT","_original_post":"https:\/\/rayonnantes2021.noblogs.org\/?page_id=11","footnotes":""},"class_list":["post-364","page","type-page","status-publish","hentry","it-IT"],"_links":{"self":[{"href":"https:\/\/rayonnantes2021.noblogs.org\/wp-json\/wp\/v2\/pages\/364","targetHints":{"allow":["GET"]}}],"collection":[{"href":"https:\/\/rayonnantes2021.noblogs.org\/wp-json\/wp\/v2\/pages"}],"about":[{"href":"https:\/\/rayonnantes2021.noblogs.org\/wp-json\/wp\/v2\/types\/page"}],"author":[{"embeddable":true,"href":"https:\/\/rayonnantes2021.noblogs.org\/wp-json\/wp\/v2\/users\/16733"}],"replies":[{"embeddable":true,"href":"https:\/\/rayonnantes2021.noblogs.org\/wp-json\/wp\/v2\/comments?post=364"}],"version-history":[{"count":6,"href":"https:\/\/rayonnantes2021.noblogs.org\/wp-json\/wp\/v2\/pages\/364\/revisions"}],"predecessor-version":[{"id":1206,"href":"https:\/\/rayonnantes2021.noblogs.org\/wp-json\/wp\/v2\/pages\/364\/revisions\/1206"}],"wp:attachment":[{"href":"https:\/\/rayonnantes2021.noblogs.org\/wp-json\/wp\/v2\/media?parent=364"}],"curies":[{"name":"wp","href":"https:\/\/api.w.org\/{rel}","templated":true}]}}