{"id":366,"date":"2021-06-20T21:48:53","date_gmt":"2021-06-20T19:48:53","guid":{"rendered":"https:\/\/rayonnantes2021.noblogs.org\/?page_id=366"},"modified":"2021-08-13T00:37:21","modified_gmt":"2021-08-12T22:37:21","slug":"campo","status":"publish","type":"page","link":"https:\/\/rayonnantes2021.noblogs.org\/it\/campo\/","title":{"rendered":"Campo"},"content":{"rendered":"<div class=\"bandeau-pass-sanitaire\"><b>La versione italiano del sito non \u00e8 aggiornata. Vi consigliamo invece di leggere <a href=\"https:\/\/rayonnantes2021.noblogs.org\/en-US\"> la versione inglese<\/a><\/b><\/div>\n<p lang=\"it-IT\">Prima di venire alle Rayonnantes, ci aiuterebbe se tu potessi compilare il modulo anonimo di pre-iscrizione!<\/p>\n<p lang=\"it-IT\">Sul modello del &#8220;shape the camp&#8221; del Climate Justice Camp in Belgio, abbiamo organizzato discussioni in mixit\u00e0 scelta (cio\u00e8 tra persone a chi riguarda la stessa oppressione) per pensare a diversi aspetti del campo. Puoi trovare tutte queste produzioni nella scheda &#8220;Lotte sistemiche&#8221;.<\/p>\n<details>\n<summary>Informazioni generali<\/summary>\n<p lang=\"it-IT\"><i>Cucina<\/i><\/p>\n<p lang=\"it-IT\">La cucina sar\u00e0 vegana. Se ai delle allergie alimentari, faccelo sapere nel modulo e ne terremo conto il pi\u00f9 possibile.<\/p>\n<p lang=\"it-IT\"><i>Dormire<\/i><\/p>\n<p lang=\"it-IT\">Per dormire, se puoi, sarebbe bello portare una tenda e un piumone o un lenzuolo e una coperta. Se questo \u00e8 un problema per te, faccelo sapere e troveremo una soluzione insieme.<\/p>\n<p lang=\"it-IT\"><i>Prezzo libero<\/i><\/p>\n<p lang=\"it-IT\">Il campo funzioner\u00e0 su un sistema di prezzi liberi (ingresso, manggiare, documentazione, bevande ecc.). Sarai invitatx a pagare quello che vuoi: dai quello che vuoi, quello che puoi. Per fare in modo che anche questo sia fatto consapevolmente, ti verranno date informazioni sui diversi costi del campo.<\/p>\n<p lang=\"it-IT\"><i>Alcol, sigarette e sostanze<\/i><\/p>\n<p lang=\"it-IT\">Il bar vender\u00e0 alcolici in orari specifici. Per garantire un ambiente in cui tuttx possano sentirsi bene, nel campo sono previste aree senza alcol e sostanze.<\/p>\n<p lang=\"it-IT\">Con l&#8217;intenzione di non incoraggiare il consumo di alcol, ci sar\u00e0 anche un bar senza alcol e dei contenitori opachi. Vi chiediamo di non venire alle sessioni plenarie e ai workshop se vi sentite ubriachi o sotto l&#8217;influenza di sostanze. Vogliamo anche che il campo sia un luogo senza fumo, cenere e cicca di sigaretta, ma ci sar\u00e0 una zona sigarette!<\/p>\n<p lang=\"it-IT\"><i>Animali non umani<\/i><\/p>\n<p lang=\"it-IT\">Non abbiamo previsto l\u2019ospito di animali non umani nel campo. Vorremmo che bambinx piccolx siano il pi\u00f9 liberx possibile e temiamo che sar\u00e0 difficile vivere insieme.<\/p>\n<p lang=\"it-IT\">Vi chiediamo quindi di non portare animali non umani.<\/p>\n<p lang=\"it-IT\">Se questo non \u00e8 proprio possibile per voi, assicuratevi che la loro presenza non spaventi o metta in pericolo gli esseri umani piccoli e grandi.<\/p>\n<p lang=\"it-IT\"><img loading=\"lazy\" decoding=\"async\" class=\"alignnone size-full wp-image-195\" src=\"https:\/\/rayonnantes2021.noblogs.org\/files\/2021\/06\/decoration-14.png\" alt=\"\" width=\"546\" height=\"187\" srcset=\"https:\/\/rayonnantes2021.noblogs.org\/files\/2021\/06\/decoration-14.png 546w, https:\/\/rayonnantes2021.noblogs.org\/files\/2021\/06\/decoration-14-300x103.png 300w\" sizes=\"auto, (max-width: 546px) 100vw, 546px\" \/><\/p>\n<\/details>\n<details>\n<summary>Testo costituti<\/summary>\n<p lang=\"it-IT\"><i>In costruzione, presto maggiori informazioni.<\/i><\/p>\n<\/details>\n<details>\n<summary>Accessibilit\u00e0 e commodit\u00e0<\/summary>\n<p lang=\"it-IT\"><i>In costruzione, presto maggiori informazioni.<\/i><\/p>\n<\/details>\n<details>\n<summary>Spazi in mixit\u00e0 scelta<\/summary>\n<p lang=\"it-IT\">Dei spazi in diverse mixit\u00e0 scelte sono stati pensati per il campo : uno spazio chill (riposo) in mixit\u00e0 scelta senza persone bianche, un campeggio DINT (Donne, Intersesso, Non-binarx, Trans) (senza uomini cis-gennero*) con bagni e una zona calma e uno spazio chill (riposo) in mixit\u00e0 scelta queer aperto alle persone in reflessione.<\/p>\n<p lang=\"it-IT\">Abbiamo deciso di fare questi spazzi in mixit\u00e0 scelta (tra persone interessate dalla stessa oppressione) per permettere alle persone che subiscono delle oppressione sistemica di riposarsi, di trovare forza insieme, di poter condividere le loro micro-aggressioni quotidiane, di poter fare qualcosa al riguardo, di discuterne o riderne e di renderle pubbliche e politiche, di non doverle tenere per s\u00e9.<\/p>\n<p lang=\"it-IT\">Per noi non esiste uno spazio &#8220;sicuro&#8221;, ed \u00e8 per questo che non saranno descritti come tali o pensati come tali. Preferiamo l&#8217;idea che ci siano spazi benevoli (gli spazi in mixit\u00e0 scelta) e spazi confrontanti (faremo del nostro meglio perch\u00e9 il resto del campo non lo sia).<\/p>\n<p lang=\"it-IT\">Ci saranno anche altri spazi come uno spazio per bambinx, che permetter\u00e0 a adultx referenti di bambinx del campo di poter partecipare alle attivit\u00e0 e a bambinx di non annoiarsi. Ci sar\u00e0 anche uno spazio tranquillo senza interazione, per permettere il riposo, perch\u00e9 sappiamo che essere in un campo con molte persone pu\u00f2 essere faticoso.<\/p>\n<p lang=\"it-IT\"><i>* Da &#8220;persona di genere cis&#8221; intendiamo una persona che si identifica con il genere che le \u00e8 stato assegnato alla nascita<\/i><\/p>\n<\/details>\n<details>\n<summary>Covid<\/summary>\n<p lang=\"it-IT\">La circolazione del COVID \u00e8 ancora attiva in molte parti del mondo, compresa la Francia. Se pensi di essere stato esposto al virus e vuoi venire al campo con pi\u00f9 sicurezza, puoi fare un test antigenico in farmacia o prendere un appuntamento per un test PCR. Se avete qualche sintomo di COVID, fate il test prima di venire! Se sei positivo al COVID, ci dispiace ma dobbiamo chiederti di non venire al campo :( speriamo che ti riprenda in fretta, buon riposo!<\/p>\n<p lang=\"it-IT\">Per informazione, ci saranno diverse misure:<\/p>\n<p lang=\"it-IT\">Gel idroalcolico e mascherine saranno disponibili all&#8217;ingresso e all&#8217;interno del campo, in particolare nell&#8217;area di accoglienza, nell&#8217;area della cucina, nelle aree di servizio dei pasti, in altre aree chiuse e nei bagni<\/p>\n<p lang=\"it-IT\">Ci sar\u00e0 un protocollo COVID per la mensa<\/p>\n<p lang=\"it-IT\">Le persone che presentano una discussione\/attivit\u00e0 in aree chiuse chiederanno sistematicamente alle persone presente se desiderano indossare una mascherina<\/p>\n<p lang=\"it-IT\">In caso di Covid confermato, un protocollo sar\u00e0 messo in atto dal gruppo medico<\/p>\n<\/details>\n<details>\n<summary>Venendo dall&#8217;estero<\/summary>\n<p lang=\"it-IT\">Ciao, \u00e8 fantastico che tu venga! Ci sara interpretazione sul campo per permettere al maggior numero possibile di persone di venire. Se hai intenzione di attraversare le frontiere e rischi di essere controllato, ecco alcune informazioni che possono esserti utili (stato delle misure sanitarie per venire in Francia, aggiornato al 30\/06\/2021) :<\/p>\n<p lang=\"it-IT\">Dal 1 luglio 2021, il libretto sanitario sar\u00e0 riconosciuto per viaggiare all&#8217;interno dello spazio europeo, sotto forma di certificato europeo. Il certificato pu\u00f2 includere :<\/p>\n<p lang=\"it-IT\">una prova di vaccinazione, cio\u00e8 un documento che attesti che :<\/p>\n<p lang=\"it-IT\">hai ricevuto la tua 2a iniezione almeno 2 settimane fa per i vaccini a doppia iniezione (Pfizer, Moderna, AstraZeneca),<\/p>\n<p lang=\"it-IT\">hai ricevuto l&#8217;iniezione almeno 4 settimane fa per i vaccini a iniezione singola (Johnson &amp; Johnson);<\/p>\n<p lang=\"it-IT\">un risultato negativo del test<\/p>\n<p lang=\"it-IT\">una prova di recupero dal Covid meno di 6 mesi fa<\/p>\n<p lang=\"it-IT\">Le misure di ritorno sono quelle del paese di destinazione.<\/p>\n<p lang=\"it-IT\">Se vieni dall&#8217;Unione Europea o da un paese della &#8220;lista verde&#8221; (Australia, Corea del Sud, Israele, Giappone, Libano, Nuova Zelanda o Singapore)<\/p>\n<p lang=\"it-IT\">Se sei statx vaccinatx: dovr\u00e0 mostrare la prova della vaccinazione.<\/p>\n<p lang=\"it-IT\">Se non sei statx vaccinatx: dovr\u00e0 presentare un test PCR o antigene negativo e risalente a meno di 72 ore prima.<\/p>\n<p lang=\"it-IT\">\/ ! \\ Il caso del Regno Unito<\/p>\n<p lang=\"it-IT\">Dal 31 maggio, un rafforzamento delle misure sanitarie \u00e8 stato deciso per i viaggiatori che vanno in Francia dal Regno Unito, per causa dello sviluppo della cosiddetta variante &#8220;indiana&#8221;:<\/p>\n<p lang=\"it-IT\">Per i cittadini stranieri non appartenenti all&#8217;UE e non residenti in Francia, saranno necessari motivi importanti per entrare in Francia dal Regno Unito;<\/p>\n<p lang=\"it-IT\">un test PCR o antigenico di meno di 48 ore sar\u00e0 richiesto a chiunque viaggi in Francia dal Regno Unito;<\/p>\n<p lang=\"it-IT\">all&#8217;arrivo, i viaggiatori dovranno osservare un periodo di autoisolamento di 7 giorni. Per il momento, per causa della bassa incidenza del Covid nel Regno Unito, il dispositivo di controllo sistematico a domicilio no sar\u00e0 applicato a loro.<\/p>\n<\/details>\n","protected":false},"excerpt":{"rendered":"<p>La versione italiano del sito non \u00e8 aggiornata. Vi consigliamo invece di leggere la versione inglese Prima di venire alle Rayonnantes, ci aiuterebbe se tu potessi compilare il modulo anonimo di pre-iscrizione! Sul modello del &#8220;shape the camp&#8221; del Climate Justice Camp in Belgio, abbiamo organizzato discussioni in mixit\u00e0 scelta (cio\u00e8 tra persone a chi <br \/><a href=\"https:\/\/rayonnantes2021.noblogs.org\/it\/campo\/\" class=\"right btn read-more-btn\">Read More&nbsp;<span class=\"fa small fa-arrow-right\"><\/span><\/a><\/p>\n","protected":false},"author":16733,"featured_media":0,"parent":0,"menu_order":0,"comment_status":"closed","ping_status":"closed","template":"","meta":{"_locale":"it_IT","_original_post":"https:\/\/rayonnantes2021.noblogs.org\/?page_id=7","footnotes":""},"class_list":["post-366","page","type-page","status-publish","hentry","it-IT"],"_links":{"self":[{"href":"https:\/\/rayonnantes2021.noblogs.org\/wp-json\/wp\/v2\/pages\/366","targetHints":{"allow":["GET"]}}],"collection":[{"href":"https:\/\/rayonnantes2021.noblogs.org\/wp-json\/wp\/v2\/pages"}],"about":[{"href":"https:\/\/rayonnantes2021.noblogs.org\/wp-json\/wp\/v2\/types\/page"}],"author":[{"embeddable":true,"href":"https:\/\/rayonnantes2021.noblogs.org\/wp-json\/wp\/v2\/users\/16733"}],"replies":[{"embeddable":true,"href":"https:\/\/rayonnantes2021.noblogs.org\/wp-json\/wp\/v2\/comments?post=366"}],"version-history":[{"count":10,"href":"https:\/\/rayonnantes2021.noblogs.org\/wp-json\/wp\/v2\/pages\/366\/revisions"}],"predecessor-version":[{"id":1207,"href":"https:\/\/rayonnantes2021.noblogs.org\/wp-json\/wp\/v2\/pages\/366\/revisions\/1207"}],"wp:attachment":[{"href":"https:\/\/rayonnantes2021.noblogs.org\/wp-json\/wp\/v2\/media?parent=366"}],"curies":[{"name":"wp","href":"https:\/\/api.w.org\/{rel}","templated":true}]}}