{"id":530,"date":"2021-06-27T15:59:37","date_gmt":"2021-06-27T13:59:37","guid":{"rendered":"https:\/\/rayonnantes2021.noblogs.org\/?page_id=530"},"modified":"2021-08-03T16:23:45","modified_gmt":"2021-08-03T14:23:45","slug":"les-grandes-surprises","status":"publish","type":"page","link":"https:\/\/rayonnantes2021.noblogs.org\/it\/les-grandes-surprises\/","title":{"rendered":"Azioni"},"content":{"rendered":"<p>Nel giugno 2021, \u00e8 stato pubblicato su nantes indymedia <a href=\"https:\/\/dev.nantes.indymedia.org\/articles\/56127\">un appello all&#8217;azione<\/a> che si tendr\u00e0 contemporaneamente alle Rayonnantes e sullo stesso territorio<\/p>\n<p><em>Abbiamo deciso di trasmettere questo appello perch\u00e9 consideriamo che oggi il nucleare dipende da una moltitudine di persone e strutture che non hanno interesse a fermarlo: imprese private o pubbliche, eletti, commercianti internazionali&#8230;<\/em><\/p>\n<p><em>Per opporsi ad esso, ci sembra necessario utilizzare diversi mezzi d&#8217;azione.<\/em><\/p>\n<p><em>Le Rayonnantes sono state pensate per ospitare proposte: che siano workshop o azioni, non possiamo organizzare tutto, e l&#8217;autogestione \u00e8 il futuro.<\/em><\/p>\n<p><em>Quindi stiamo facendo un campo, ma siamo anche molto felicx di uscirne per far sentire la nostra voce in un altro modo.<\/em><\/p>\n<p>Testo di intenzione<\/p>\n<h2><em>Testo di intenzione per i raduni festivi e determinati vicino a Bure \u2022 dal 20 al 23 agosto 2021 \u2022<\/em><i><\/i><\/h2>\n<p lang=\"it-IT\">\u00ab Un invito a riunirsi in massa per fare azioni dal 20 al 23 agosto vicino a Bure in occasione del campo antinucleare delle Rayonnantes \u00e8 stato pubblicato poco tempo fa. Vogliamo dare pi\u00f9 dettagli, chiarire le nostre intenzioni e dare un tono generale a questi momenti collettivi.<\/p>\n<p lang=\"it-IT\">Siamo persone provenienti da diversi contesti del movimento antinucleare che si sono riunite qualche tempo fa per pianificare un&#8217;azione comune di resistenza contro il <a href=\"http:\/\/burestop.free.fr\/spip\/spip.php?rubrique115\">progetto CIGEO<\/a> in Meuse per l&#8217;estate del 2021. Poich\u00e9 il campo delle Rayonnantes durer\u00e0 10 giorni, approfitteremo del fine settimana per convergere in massa e fare fronte contro l&#8217;industria nucleare neocoloniale, militare e capitalista, incarnata nella Meuse dal progetto di interramento dei rifiuti radioattivi.<\/p>\n<h3>PERCH\u00c9<\/h3>\n<p lang=\"it-IT\">Affinch\u00e9 Cig\u00e9o non avvenga : affinch\u00e9 non ci siano mai gallerie sotterranee piene di scorie radioattive, discesa per diversi chilometri, migliaia di treni e camion carichi di scorie nucleari ! In questa regione che \u00e8 stata messa in escuda, socialmente ed economicamente, i paesi non saranno abbandonati. Rifiutiamo che Andra li compri, li nuclearizzi e gli renda la vita impossibile. ANDRA non si sentir\u00e0 mai a casa qui.<\/p>\n<p lang=\"it-IT\">Questi pochi giorni di mobilitazione fanno parte di un periodo pi\u00f9 lungo. Sono un invito a costruire uno slancio, a cercare modi per fermare questo progetto e a sperimentare nuove forme di mobilitazione collettiva.<\/p>\n<h3>PER CHI<\/h3>\n<p lang=\"it-IT\">Vogliamo permettere a un massimo di persone diverse di partecipare a questi momenti collettivi. Questo riguarda sia la diversit\u00e0 sociale delle\/dei partecipantx che le loro possibilit\u00e0 e i loro desideri pratici : benvenuti alle famiglie, abitantx, contadinx, attivistx giovanx e vecchx, novizx come espertx, alle persone che possono correre e camminare e a quelle che non possono, alle persone che parlano francese e a quelle che parlano altre lingue e a molti altri ! Non possiamo promettere conforto per tuttx. Ma cerchiamo di organizzare momenti di preparazione e formazione, spazi rassicuranti, sistemi di interpretazione il pi\u00f9 possibile, certi percorsi dove si pu\u00f2 andare in ruote, spazi con mixit\u00e0 scelte&#8230;<\/p>\n<p lang=\"it-IT\">Vogliamo fare in modo che queste azioni e la loro preparazione siano momenti e luoghi di lotta contro i sistemi di oppressione: patriarcato, razzismo e colonialismo, cis-eteronormativit\u00e0, validismo, classismo&#8230; [1]. Non sar\u00e0 perfetto, ma vogliamo dargli una forte attenzione collettiva.<\/p>\n<p lang=\"it-IT\">Infine, vogliamo e facciamo di tutto per attuare concretamente azioni basate sulla diversit\u00e0 delle modalit\u00e0 di azione. La storia delle lotte &#8211; e in particolare quella della lotta locale intorno a Bure &#8211; ha mostrato come le tattiche delle diverse culture politiche possono rafforzarsi a vicenda e raggiungere gli avversari comuni quando si collegano, si completano e si rafforzano a vicenda. [2]<\/p>\n<h3>COME<\/h3>\n<p lang=\"it-IT\">Questa complementarit\u00e0 di tattiche sar\u00e0 espressa durante i quattro giorni. Succederanno diversi momenti comuni di azione. Diversi cortei, festosi e determinati, partiranno nel territorio in modo complementare. Alcune di queste processioni saranno organizzate in anticipo. Ognuno di loro avr\u00e0 deciso un approccio e delle intenzioni specifiche. Tutto questo sar\u00e0 presentato durante il campo affinch\u00e9 ognuno possa scegliere secondo i propri desideri, affinit\u00e0 e possibilit\u00e0. Altri gruppi saranno organizzati in modo indipendente o potranno incontrarsi spontaneamente.<\/p>\n<p lang=\"it-IT\">Potette gi\u00e0 pensare a formare un piccolo gruppo per l&#8217;occasione, in cui sapette che vi sentireste bene emotivamente, politicamente e strategicamente. Li chiameremo &#8220;gruppi di affinit\u00e0&#8221;. Ma questo non \u00e8 ovviamente un prerequisito. Approfitteremo del campo delle Rayonnantes per offrire momenti per creare gruppi di affinit\u00e0 per le persone che vengono da sole o in piccoli gruppi.<\/p>\n<p lang=\"it-IT\">Inoltre, abbiamo intenzione di proporre durante il campo, prima delle azioni : attivit\u00e0 di artivismo per colorare le nostre processioni, la riscoperta di modi di muoversi collettivamente, brief legali, momenti di preparazione di gruppi di affinit\u00e0, ecc.<\/p>\n<h3><b>SVILUPPARE UNA CULTURA POLITICA COMUNE<br \/>\n<\/b><\/h3>\n<p lang=\"it-IT\">Alcuni pensieri e le nostre proposte per rendere possibile questa diversit\u00e0 e complementariet\u00e0 di tattiche !<\/p>\n<p lang=\"it-IT\">\u2022 Vogliamo che le diverse strategie e modalit\u00e0 d&#8217;azione siano attuate con l&#8217;idea di servire e rafforzarsi e non di farsi un disservizio. Invitiamo i gruppi di affinit\u00e0 che desiderano organizzarsi di maniera autonoma a considerare attentamente gli altri gruppi e gli individui coinvolti e a cercare di coordinarsi il pi\u00f9 possibile.<\/p>\n<p lang=\"it-IT\">\u2022 Diamo per scontato che le forze dell&#8217;ordine cercheranno di impedirci di raggiungere i nostri obiettivi. Ovunque la gente lotti contro progetti inutili, costosi e pericolosi, la polizia \u00e8 un ostacolo alla resistenza. Il loro comportamento \u00e8 imprevedibile, soprattutto nei confronti delle persone che non sono bianche. Ci sono diversi approcci per superare, aggirare o liquidare questo ostacolo. Ma nella nostra visione di queste azioni, non \u00e8 un obiettivo in s\u00e9.<\/p>\n<p lang=\"it-IT\">\u2022 La lotta contro CIGEO e il nucleare va avanti da molto tempo sul territorio e con i suoi\/le sue abitantx. Questi raduni di pochi giorni vogliono venire a sostegno di questo e far parte di una dinamica locale a lungo termine.<\/p>\n<p lang=\"it-IT\">\u2022\u00a0Vogliamo essere solidali tra di noi e rifiutare qualsiasi dissociazione pubblica da altri gruppi e scelte tattiche. \u00c8 tra di noi che i dibattiti e i confronti sinceri delle nostre diverse opinioni saranno importanti e necessari per la costruzione delle nostre lotte. Momenti dedicati a questi temi saranno programmati prima e dopo i raduni.<\/p>\n<p lang=\"it-IT\">Speriamo che queste indicazioni e proposte aiutino a infondere un&#8217;energia comune e costruttiva nei raduni. Questo testo pu\u00f2 essere fonte di dibattito, creeremo degli spazi di scambio su questo tema durante il campo.<\/p>\n<p lang=\"it-IT\">Per un&#8217;opposizione diversa e determinata al progetto Cig\u00e9o, incontriamoci dal 20 al 23 agosto vicino a Bure o dal 16 agosto sul campo di Rayonnantes per prepararci collettivamente!<\/p>\n<h5><em>[1] Su questi temi, esistono risorse interessanti grazie al lavoro approfondito di numerosi collettivi:<\/em><\/h5>\n<h5><em>* su antivalidismo e femminismo: <a href=\"http:\/\/lesdevalideuses.org\/les-devalideuses\/notre-manifeste\/\">http:\/\/lesdevalideuses.org\/les-devalideuses\/notre-manifeste\/<\/a><\/em><\/h5>\n<h5><em>* sulle questioni decoloniali: <a href=\"https:\/\/www.cncd.be\/IMG\/pdf\/2020-12-lexique-termes-decoloniaux.pdf\">https:\/\/www.cncd.be\/IMG\/pdf\/2020-12-lexique-termes-decoloniaux.pdf<\/a><\/em><\/h5>\n<h5><em>* per un lessico sulle relazioni di dominazione, da pagina 31: <a href=\"https:\/\/bombesatomiques.noblogs.org\/files\/2019\/09\/levrai-livret-d-accueil-version-a-lire.pdf\">https:\/\/bombesatomiques.noblogs.org\/files\/2019\/09\/levrai-livret-d-accueil-version-a-lire.pdf<\/a><\/em><\/h5>\n<h5><em>* pi\u00f9 in generale, il lavoro sul campo delle rayonnantes sulle lotte sistemiche: <a href=\"https:\/\/rayonnantes2021.noblogs.org\/luttes-systemiques\/\">https:\/\/rayonnantes2021.noblogs.org\/luttes-systemiques\/<\/a><\/em><\/h5>\n<h5><em>[2] sulla complementarit\u00e0 delle tattiche e dei modi d&#8217;azione: <\/em><a href=\"https:\/\/journal.alternatives.ca\/Retour-sur-la-diversite-des-tactiques\"><em>https:\/\/journal.alternatives.ca\/Retour-sur-la-diversite-des-tactiques<\/em><\/a><\/h5>\n<p>&nbsp;<\/p>\n<p>Apello ad azione<\/p>\n<p><em>Articolo originariamente pubblicato su <a href=\"https:\/\/nantes.indymedia.org\/articles\/56098\">indymedia Nantes<\/a>.<\/em><\/p>\n<p><em><strong>Incontri festosi e determinati<\/strong> da venerd\u00ec 20 a luned\u00ec 23 agosto 2021 vicino a Bure a margine del campo Les Rayonnantes<\/em><\/p>\n<p>Il campo antinucleare Les Rayonnantes si svolger\u00e0 dal 16 al 26 agosto vicino a Bure. Condivisione delle conoscenze, autoformazione, discussioni e allenamenti si svolgeranno durante 10 giorni. <strong>Approfittiamo di questo grande momento e uniamoci ancora pi\u00f9 numeros* nel fine settimana da venerd\u00ec 20 a luned\u00ec 23 agosto per unire le nostre forze e dimostrare ad ANDRA e allo stato nucleare che non lasceremo andare avanti CIGEO, questo progetto mortale.<\/strong><\/p>\n<p>Non stiamo solo denunciando una &#8220;soluzione&#8221; sbagliata per lo stoccaggio delle scorie nucleari, ma l&#8217;intera industria nucleare, il suo estrattivismo coloniale, il suo posto nell&#8217;economia capitalista, il suo peso in una societ\u00e0 militare.<\/p>\n<p>I prossimi mesi sono cruciali. Se il progetto di discarica di scorie nucleari sar\u00e0 dichiarato di interesse pubblico quest&#8217;anno, potrebbero iniziare i lavori connessi e le procedure di espropriazione contro le\/i resident*, le\/gli agricoltor* e alcuni luoghi collettivi degli\/delle opponent*.<\/p>\n<p>Per impedire questo progetto e per lottare contro l&#8217;industria nucleare neocoloniale, militare e capitalista, uniamoci! Come una nuvola, voleremo attraverso campi, villaggi e foreste. Immaginiamo cortei diversi, colorati e festosi che si riappropriano del territorio. Blocchiamo l&#8217;avanzamento dei lavori, rifiutiamo gli espropri e costruiamo di nuovo!<\/p>\n<p>Per mantenere la pressione, abbiamo bisogno di tutt*. E tutt* sono le\/i benvenut*! Articolare le nostre diverse lotte ci render\u00e0 pi\u00f9 fort*. Nonostante la repressione, recuperiamo la fiducia. Fiducia in noi stess*, fiducia le\/gli un* versi le\/gli altr*. E torniamo a gridare fuori che non vogliamo questo mondo nucleare.<\/p>\n<p><strong>Prendete nota di queste date ora.<\/strong> Maggiori informazioni su questi incontri seguiranno a luglio.<\/p>\n<p>Insieme possiamo essere il granello di sabbia che fermer\u00e0 la macchina nucleare!<\/p>\n<details>\n<hr \/>\n<\/details>\n<details>\n<summary>Stampe<\/summary>\n<p><a href=\"https:\/\/nantes.indymedia.org\/system\/file_upload\/2021\/07\/08\/14311\/fr_ok_print2.jpg\">Stampa in francese (per stampare)<\/a><\/p>\n<p><a href=\"https:\/\/nantes.indymedia.org\/system\/file_upload\/2021\/07\/08\/14312\/eng_print_ok.jpg\">Poster in english (for printing)<\/a><\/p>\n<p><img loading=\"lazy\" decoding=\"async\" class=\" wp-image-694 alignleft\" src=\"https:\/\/rayonnantes2021.noblogs.org\/files\/2021\/07\/fr_ok_web.cleaned-724x1024.jpg\" alt=\"\" width=\"556\" height=\"786\" srcset=\"https:\/\/rayonnantes2021.noblogs.org\/files\/2021\/07\/fr_ok_web.cleaned-724x1024.jpg 724w, https:\/\/rayonnantes2021.noblogs.org\/files\/2021\/07\/fr_ok_web.cleaned-212x300.jpg 212w, https:\/\/rayonnantes2021.noblogs.org\/files\/2021\/07\/fr_ok_web.cleaned-768x1086.jpg 768w, https:\/\/rayonnantes2021.noblogs.org\/files\/2021\/07\/fr_ok_web.cleaned-1086x1536.jpg 1086w, https:\/\/rayonnantes2021.noblogs.org\/files\/2021\/07\/fr_ok_web.cleaned-1448x2048.jpg 1448w, https:\/\/rayonnantes2021.noblogs.org\/files\/2021\/07\/fr_ok_web.cleaned.jpg 1754w\" sizes=\"auto, (max-width: 556px) 100vw, 556px\" \/><\/p>\n<p><img loading=\"lazy\" decoding=\"async\" class=\"wp-image-695 alignleft\" src=\"https:\/\/rayonnantes2021.noblogs.org\/files\/2021\/07\/eng_web_ok.cleaned-724x1024.jpg\" alt=\"\" width=\"571\" height=\"808\" srcset=\"https:\/\/rayonnantes2021.noblogs.org\/files\/2021\/07\/eng_web_ok.cleaned-724x1024.jpg 724w, https:\/\/rayonnantes2021.noblogs.org\/files\/2021\/07\/eng_web_ok.cleaned-212x300.jpg 212w, https:\/\/rayonnantes2021.noblogs.org\/files\/2021\/07\/eng_web_ok.cleaned-768x1086.jpg 768w, https:\/\/rayonnantes2021.noblogs.org\/files\/2021\/07\/eng_web_ok.cleaned-1086x1536.jpg 1086w, https:\/\/rayonnantes2021.noblogs.org\/files\/2021\/07\/eng_web_ok.cleaned-1448x2048.jpg 1448w, https:\/\/rayonnantes2021.noblogs.org\/files\/2021\/07\/eng_web_ok.cleaned.jpg 1754w\" sizes=\"auto, (max-width: 571px) 100vw, 571px\" \/><\/p>\n<p>&nbsp;<\/p>\n<\/details>\n","protected":false},"excerpt":{"rendered":"<p>Nel giugno 2021, \u00e8 stato pubblicato su nantes indymedia un appello all&#8217;azione che si tendr\u00e0 contemporaneamente alle Rayonnantes e sullo stesso territorio Abbiamo deciso di trasmettere questo appello perch\u00e9 consideriamo che oggi il nucleare dipende da una moltitudine di persone e strutture che non hanno interesse a fermarlo: imprese private o pubbliche, eletti, commercianti internazionali&#8230; <br \/><a href=\"https:\/\/rayonnantes2021.noblogs.org\/it\/les-grandes-surprises\/\" class=\"right btn read-more-btn\">Read More&nbsp;<span class=\"fa small fa-arrow-right\"><\/span><\/a><\/p>\n","protected":false},"author":16740,"featured_media":0,"parent":0,"menu_order":0,"comment_status":"closed","ping_status":"closed","template":"","meta":{"_locale":"it_IT","_original_post":"https:\/\/rayonnantes2021.noblogs.org\/?page_id=523","footnotes":""},"class_list":["post-530","page","type-page","status-publish","hentry","it-IT"],"_links":{"self":[{"href":"https:\/\/rayonnantes2021.noblogs.org\/wp-json\/wp\/v2\/pages\/530","targetHints":{"allow":["GET"]}}],"collection":[{"href":"https:\/\/rayonnantes2021.noblogs.org\/wp-json\/wp\/v2\/pages"}],"about":[{"href":"https:\/\/rayonnantes2021.noblogs.org\/wp-json\/wp\/v2\/types\/page"}],"author":[{"embeddable":true,"href":"https:\/\/rayonnantes2021.noblogs.org\/wp-json\/wp\/v2\/users\/16740"}],"replies":[{"embeddable":true,"href":"https:\/\/rayonnantes2021.noblogs.org\/wp-json\/wp\/v2\/comments?post=530"}],"version-history":[{"count":8,"href":"https:\/\/rayonnantes2021.noblogs.org\/wp-json\/wp\/v2\/pages\/530\/revisions"}],"predecessor-version":[{"id":978,"href":"https:\/\/rayonnantes2021.noblogs.org\/wp-json\/wp\/v2\/pages\/530\/revisions\/978"}],"wp:attachment":[{"href":"https:\/\/rayonnantes2021.noblogs.org\/wp-json\/wp\/v2\/media?parent=530"}],"curies":[{"name":"wp","href":"https:\/\/api.w.org\/{rel}","templated":true}]}}